{"id":1366,"date":"2022-03-21T09:50:55","date_gmt":"2022-03-21T08:50:55","guid":{"rendered":"https:\/\/audiovisuel-mjclorraine.fr\/?page_id=1366"},"modified":"2022-03-21T12:29:41","modified_gmt":"2022-03-21T11:29:41","slug":"questionnaire-contenu-illustrator","status":"publish","type":"page","link":"https:\/\/audiovisuel-mjclorraine.fr\/index.php\/questionnaire-contenu-illustrator\/","title":{"rendered":"questionnaire contenu illustrator"},"content":{"rendered":"","protected":true},"excerpt":{"rendered":"","protected":true},"author":1,"featured_media":0,"parent":0,"menu_order":0,"comment_status":"closed","ping_status":"closed","template":"","meta":{"footnotes":""},"class_list":["post-1366","page","type-page","status-publish","post-password-required","hentry"],"yoast_head":"<!-- This site is optimized with the Yoast SEO plugin v26.2 - https:\/\/yoast.com\/wordpress\/plugins\/seo\/ -->\n<title>questionnaire contenu illustrator - Audiovisuel MJC Lorraine<\/title>\n<meta name=\"robots\" content=\"index, follow, max-snippet:-1, max-image-preview:large, max-video-preview:-1\" \/>\n<link rel=\"canonical\" href=\"https:\/\/audiovisuel-mjclorraine.fr\/index.php\/questionnaire-contenu-illustrator\/\" \/>\n<meta property=\"og:locale\" content=\"fr_FR\" \/>\n<meta property=\"og:type\" content=\"article\" \/>\n<meta property=\"og:title\" content=\"questionnaire contenu illustrator - Audiovisuel MJC Lorraine\" \/>\n<meta property=\"og:description\" content=\"Il n\u2019y a pas d\u2019extrait, car cette publication est prot\u00e9g\u00e9e.\" \/>\n<meta property=\"og:url\" content=\"https:\/\/audiovisuel-mjclorraine.fr\/index.php\/questionnaire-contenu-illustrator\/\" \/>\n<meta property=\"og:site_name\" content=\"Audiovisuel MJC Lorraine\" \/>\n<meta property=\"article:modified_time\" content=\"2022-03-21T11:29:41+00:00\" \/>\n<meta name=\"twitter:card\" content=\"summary_large_image\" \/>\n<script type=\"application\/ld+json\" class=\"yoast-schema-graph\">{\"@context\":\"https:\/\/schema.org\",\"@graph\":[{\"@type\":\"WebPage\",\"@id\":\"https:\/\/audiovisuel-mjclorraine.fr\/index.php\/questionnaire-contenu-illustrator\/\",\"url\":\"https:\/\/audiovisuel-mjclorraine.fr\/index.php\/questionnaire-contenu-illustrator\/\",\"name\":\"questionnaire contenu illustrator - Audiovisuel MJC Lorraine\",\"isPartOf\":{\"@id\":\"https:\/\/audiovisuel-mjclorraine.fr\/#website\"},\"datePublished\":\"2022-03-21T08:50:55+00:00\",\"dateModified\":\"2022-03-21T11:29:41+00:00\",\"breadcrumb\":{\"@id\":\"https:\/\/audiovisuel-mjclorraine.fr\/index.php\/questionnaire-contenu-illustrator\/#breadcrumb\"},\"inLanguage\":\"fr-FR\"},{\"@type\":\"WebSite\",\"@id\":\"https:\/\/audiovisuel-mjclorraine.fr\/#website\",\"url\":\"https:\/\/audiovisuel-mjclorraine.fr\/\",\"name\":\"Audiovisuel MJC Lorraine\",\"description\":\"Toute une \u00e9quipe \u00e0 votre \u00e9coute\",\"potentialAction\":[{\"@type\":\"SearchAction\",\"target\":{\"@type\":\"EntryPoint\",\"urlTemplate\":\"https:\/\/audiovisuel-mjclorraine.fr\/?s={search_term_string}\"},\"query-input\":{\"@type\":\"PropertyValueSpecification\",\"valueRequired\":true,\"valueName\":\"search_term_string\"}}],\"inLanguage\":\"fr-FR\"}]}<\/script>\n<!-- \/ Yoast SEO plugin. -->","yoast_head_json":{"title":"questionnaire contenu illustrator - Audiovisuel MJC Lorraine","robots":{"index":"index","follow":"follow","max-snippet":"max-snippet:-1","max-image-preview":"max-image-preview:large","max-video-preview":"max-video-preview:-1"},"canonical":"https:\/\/audiovisuel-mjclorraine.fr\/index.php\/questionnaire-contenu-illustrator\/","og_locale":"fr_FR","og_type":"article","og_title":"questionnaire contenu illustrator - Audiovisuel MJC Lorraine","og_description":"Il n\u2019y a pas d\u2019extrait, car cette publication est prot\u00e9g\u00e9e.","og_url":"https:\/\/audiovisuel-mjclorraine.fr\/index.php\/questionnaire-contenu-illustrator\/","og_site_name":"Audiovisuel MJC Lorraine","article_modified_time":"2022-03-21T11:29:41+00:00","twitter_card":"summary_large_image","schema":{"@context":"https:\/\/schema.org","@graph":[{"@type":"WebPage","@id":"https:\/\/audiovisuel-mjclorraine.fr\/index.php\/questionnaire-contenu-illustrator\/","url":"https:\/\/audiovisuel-mjclorraine.fr\/index.php\/questionnaire-contenu-illustrator\/","name":"questionnaire contenu illustrator - Audiovisuel MJC Lorraine","isPartOf":{"@id":"https:\/\/audiovisuel-mjclorraine.fr\/#website"},"datePublished":"2022-03-21T08:50:55+00:00","dateModified":"2022-03-21T11:29:41+00:00","breadcrumb":{"@id":"https:\/\/audiovisuel-mjclorraine.fr\/index.php\/questionnaire-contenu-illustrator\/#breadcrumb"},"inLanguage":"fr-FR"},{"@type":"WebSite","@id":"https:\/\/audiovisuel-mjclorraine.fr\/#website","url":"https:\/\/audiovisuel-mjclorraine.fr\/","name":"Audiovisuel MJC Lorraine","description":"Toute une \u00e9quipe \u00e0 votre \u00e9coute","potentialAction":[{"@type":"SearchAction","target":{"@type":"EntryPoint","urlTemplate":"https:\/\/audiovisuel-mjclorraine.fr\/?s={search_term_string}"},"query-input":{"@type":"PropertyValueSpecification","valueRequired":true,"valueName":"search_term_string"}}],"inLanguage":"fr-FR"}]}},"_links":{"self":[{"href":"https:\/\/audiovisuel-mjclorraine.fr\/index.php\/wp-json\/wp\/v2\/pages\/1366","targetHints":{"allow":["GET"]}}],"collection":[{"href":"https:\/\/audiovisuel-mjclorraine.fr\/index.php\/wp-json\/wp\/v2\/pages"}],"about":[{"href":"https:\/\/audiovisuel-mjclorraine.fr\/index.php\/wp-json\/wp\/v2\/types\/page"}],"author":[{"embeddable":true,"href":"https:\/\/audiovisuel-mjclorraine.fr\/index.php\/wp-json\/wp\/v2\/users\/1"}],"replies":[{"embeddable":true,"href":"https:\/\/audiovisuel-mjclorraine.fr\/index.php\/wp-json\/wp\/v2\/comments?post=1366"}],"version-history":[{"count":1,"href":"https:\/\/audiovisuel-mjclorraine.fr\/index.php\/wp-json\/wp\/v2\/pages\/1366\/revisions"}],"predecessor-version":[{"id":1367,"href":"https:\/\/audiovisuel-mjclorraine.fr\/index.php\/wp-json\/wp\/v2\/pages\/1366\/revisions\/1367"}],"wp:attachment":[{"href":"https:\/\/audiovisuel-mjclorraine.fr\/index.php\/wp-json\/wp\/v2\/media?parent=1366"}],"curies":[{"name":"wp","href":"https:\/\/api.w.org\/{rel}","templated":true}]}}